{"id":2,"date":"2015-01-16T11:59:15","date_gmt":"2015-01-16T11:59:15","guid":{"rendered":"http:\/\/loiaalesund.no\/?page_id=2"},"modified":"2026-03-17T14:04:46","modified_gmt":"2026-03-17T12:04:46","slug":"sample-page","status":"publish","type":"page","link":"https:\/\/loiaalesund.no\/","title":{"rendered":"Hjem"},"content":{"rendered":"<h3 style=\"text-align: center;\"><span style=\"font-family: tahoma,arial,helvetica,sans-serif; font-size: 18pt;\"><img loading=\"lazy\" decoding=\"async\" class=\"wp-image-4 aligncenter\" src=\"http:\/\/loiaalesund.no\/wp-content\/uploads\/2015\/01\/lo_logo-150x150.jpg\" alt=\"lo_logo.jpg\" width=\"130\" height=\"130\" \/>\u00a0i \u00c5lesund og Omegn.<\/span><\/h3>\n<p style=\"text-align: center;\"><span style=\"font-family: arial, helvetica, sans-serif;\">Velkommen til oss.<\/span><\/p>\n<p style=\"text-align: center;\"><span style=\"font-family: arial, helvetica, sans-serif;\">Vi er i 3. etasje i <a href=\"http:\/\/loiaalesund.no\/?page_id=166\">TESS-bygget i Breivika<\/a> sammen med:<\/span><\/p>\n<table style=\"border-collapse: collapse; width: 100%;\" border=\"1\">\n<tbody>\n<tr>\n<td style=\"width: 50%;\"><span style=\"font-family: arial, helvetica, sans-serif;\"><a href=\"https:\/\/www.aof.no\/\">AOF Studieforbundet M\u00f8re og Romsdal,<\/a><br \/>\n<\/span><span style=\"font-family: arial, helvetica, sans-serif;\"><a href=\"https:\/\/nnn.no\/\">NNN avd. 66 Sunnm\u00f8re\u00a0 N\u00e6ringsmiddelforening<\/a><br \/>\n<\/span><span style=\"font-family: arial, helvetica, sans-serif;\"><a href=\"https:\/\/transportarbeider.no\/no\/kontakt-oss-2-ntf\/kontakt-fagforeninger-i-ntf-2\">M\u00f8re og Romsdal Transportarbeiderforening<\/a>\u00a0\u00a0<\/span><\/td>\n<td style=\"width: 50%;\"><span style=\"font-family: arial, helvetica, sans-serif;\"><a href=\"https:\/\/www.fellesforbundet.no\/avdelinger\/avd031\/\">Fellesforbundet avd. 31<\/a><br \/>\n<\/span><span style=\"font-family: arial, helvetica, sans-serif;\"><a href=\"http:\/\/avd214.fagforbundet.no\/\">Fagforbundet \u00c5lesund avd. 214<\/a><br \/>\n<a href=\"http:\/\/www.elogitmr.no\/\">EL og IT Forbundet M\u00f8re og Romsdal<\/a> <a href=\"https:\/\/www.fo.no\/moreogromsdal\/\">Fellesorganisasjonen FO M\u00f8re og Romsdal<\/a><\/span><\/td>\n<\/tr>\n<\/tbody>\n<\/table>\n<p style=\"text-align: center;\"><span style=\"font-family: arial, helvetica, sans-serif;\">\u00a0<\/span><\/p>\n<p><span style=\"font-family: arial,helvetica,sans-serif; font-size: 12pt;\">Vi\u00a0er hovedorgansisasjonen for LOs fagforeninger p\u00e5 Nordre Sunnm\u00f8re i kommunene \u00c5lesund, Giske, Haram, Sand\u00f8y, Skodje, \u00d8rskog, Stordal og Nordal.<\/span><\/p>\n<p style=\"text-align: center;\"><span style=\"font-family: helvetica, arial, sans-serif; font-size: 14pt;\">Leder for LO i \u00c5lesund og Omegn:<\/span><\/p>\n<p style=\"text-align: center;\"><span style=\"font-size: 18pt; font-family: arial, helvetica, sans-serif;\"><span style=\"font-family: helvetica, arial, sans-serif;\">Kumar<\/span><br \/>\n<span style=\"font-size: 12pt; font-family: tahoma, arial, helvetica, sans-serif;\">leder i FLT Avd 109 Haram<\/span><\/span><b><br \/>\n<\/b><\/p>\n<p style=\"text-align: center;\">\u00a0Adressen v\u00e5r er:<br \/>\nLerstadveien 508, 6018 \u00c5lesund.<br \/>\nMobilnr.\u00a0\u00a0+47 920 12 063<br \/>\npost@loiaalesund.no<\/p>\n<p style=\"text-align: center;\"><strong><span style=\"font-size: 14pt;\">Styret:<\/span><\/strong><\/p>\n<p style=\"padding-left: 90px;\"><span style=\"font-family: arial,helvetica,sans-serif; font-size: 10pt;\"><strong>Nestleder<\/strong>: Helge Kvame &#8211;\u00a0Industri og Energi Forbundet, \u00a0Stranda<\/span><br \/>\n<span style=\"font-family: arial,helvetica,sans-serif; font-size: 10pt;\"> Sekret\u00e6r:\u00a0 Siri Marie Relling &#8211;\u00a0<\/span><br \/>\n<span style=\"font-family: arial,helvetica,sans-serif; font-size: 10pt;\"> Kasserer: Daniel Pour Asgharian, Handel og Kontor\u00a0<\/span><br \/>\n<span style=\"font-family: arial,helvetica,sans-serif; font-size: 10pt;\"><strong>Styremedlemmer<\/strong>:<\/span><br \/>\n<span style=\"font-family: arial,helvetica,sans-serif; font-size: 10pt;\">\u00a0Stig Meisal- Fagforbundet <\/span><span style=\"font-family: arial,helvetica,sans-serif; font-size: 10pt;\">\u00a0<\/span><br \/>\n<span style=\"font-family: arial,helvetica,sans-serif; font-size: 10pt;\"> Jack S\u00e6ther &#8211; Norsk\u00a0Transportarbeiderforbund, \u00a0\u00c5lesund<\/span><br \/>\n<span style=\"font-family: arial,helvetica,sans-serif; font-size: 10pt;\"> Emilie Perfjord &#8211; EL&amp;IT, \u00a0Giske<\/span><br \/>\n<span style=\"font-family: arial,helvetica,sans-serif; font-size: 10pt;\">Ole Andre Molnes &#8211; NNN<\/span><br \/>\n<span style=\"font-family: arial,helvetica,sans-serif; font-size: 10pt;\">Karl Olsen-\u00a0NAF, \u00c5lesund<\/span><\/p>\n<p style=\"text-align: center;\">Vi\u00a0har ogs\u00e5 en <a href=\"https:\/\/nn-no.facebook.com\/pages\/LO-i-%C3%85lesund-og-Omegn\/101882109873801\">Facebookside<\/a>\u00a0og mer <a title=\"Litt mere informasjon om LO i \u00c5lesund og Omegn\" href=\"https:\/\/loiaalesund.no\/?page_id=166\">info her<\/a>.<\/p>\n<p><span style=\"font-family: arial,helvetica,sans-serif; font-size: 12pt;\">Vi holder\u00a0til\u00a0p\u00e5 LO-Senteret i\u00a0Tessbygget\u00a0i Lerstadveien 508 i Breivika sammen med flere forbund, \u00a0foreninger\u00a0og AOF .<br \/>\nBygget ligger ved den lille rundkj\u00f8ringen i Breivika, med innkj\u00f8ring mellom Tess og Pizzabakeren som vist under. <strong>Parker p\u00e5 baksiden<\/strong>. Se bilde p\u00e5 <a href=\"http:\/\/loiaalesund.no\/?page_id=166\">infosiden<\/a><\/span><\/p>\n<figure id=\"attachment_810\" aria-describedby=\"caption-attachment-810\" style=\"width: 640px\" class=\"wp-caption aligncenter\"><a href=\"https:\/\/loiaalesund.no\/wp-content\/uploads\/2015\/01\/Tess-bygget_sett_fra_vest.jpg\"><img loading=\"lazy\" decoding=\"async\" class=\"wp-image-810 size-large\" src=\"https:\/\/loiaalesund.no\/wp-content\/uploads\/2015\/01\/Tess-bygget_sett_fra_vest-1024x422.jpg\" alt=\"jpeg-bilde av tessbygget\" width=\"640\" height=\"264\" srcset=\"https:\/\/loiaalesund.no\/wp-content\/uploads\/2015\/01\/Tess-bygget_sett_fra_vest-1024x422.jpg 1024w, https:\/\/loiaalesund.no\/wp-content\/uploads\/2015\/01\/Tess-bygget_sett_fra_vest-300x124.jpg 300w, https:\/\/loiaalesund.no\/wp-content\/uploads\/2015\/01\/Tess-bygget_sett_fra_vest-768x316.jpg 768w, https:\/\/loiaalesund.no\/wp-content\/uploads\/2015\/01\/Tess-bygget_sett_fra_vest.jpg 1568w\" sizes=\"auto, (max-width: 640px) 100vw, 640px\" \/><\/a><figcaption id=\"caption-attachment-810\" class=\"wp-caption-text\">Innkj\u00f8ring til Tessbygget fra Lerstadveien<\/figcaption><\/figure>\n<p><span style=\"font-family: arial,helvetica,sans-serif; font-size: 12pt;\"><br \/>\nInngangen er midt p\u00e5 nordsiden\u00a0av bygget (samme som StayOn).\u00a0Alle kontorer til LO, AOF og foreninger\/forbund er i 3.etasje og til venstre i den lange gangen. Det er heis i gangen.<br \/>\n<\/span><\/p>\n<figure id=\"attachment_809\" aria-describedby=\"caption-attachment-809\" style=\"width: 640px\" class=\"wp-caption aligncenter\"><a href=\"https:\/\/loiaalesund.no\/wp-content\/uploads\/2015\/01\/tessbygget_nordsiden.jpg\"><img loading=\"lazy\" decoding=\"async\" class=\"size-large wp-image-809\" src=\"https:\/\/loiaalesund.no\/wp-content\/uploads\/2015\/01\/tessbygget_nordsiden-1024x348.jpg\" alt=\"jpeg-bilde av inngangen\" width=\"640\" height=\"218\" srcset=\"https:\/\/loiaalesund.no\/wp-content\/uploads\/2015\/01\/tessbygget_nordsiden-1024x348.jpg 1024w, https:\/\/loiaalesund.no\/wp-content\/uploads\/2015\/01\/tessbygget_nordsiden-300x102.jpg 300w, https:\/\/loiaalesund.no\/wp-content\/uploads\/2015\/01\/tessbygget_nordsiden-768x261.jpg 768w, https:\/\/loiaalesund.no\/wp-content\/uploads\/2015\/01\/tessbygget_nordsiden.jpg 1472w\" sizes=\"auto, (max-width: 640px) 100vw, 640px\" \/><\/a><figcaption id=\"caption-attachment-809\" class=\"wp-caption-text\">Inngangen til LO-senteret, StayOn og andre er her midt p\u00e5 nordsiden.<\/figcaption><\/figure>\n<p>Det er rikelig med gratis parkering p\u00e5 baksiden av bygget som man ser p\u00e5 bildet under. LO-senteret har kontorene i \u00f8verste etasje rundt hj\u00f8rnet og halvveis bort p\u00e5 solsiden p\u00e5 bildet.<\/p>\n<figure id=\"attachment_808\" aria-describedby=\"caption-attachment-808\" style=\"width: 640px\" class=\"wp-caption aligncenter\"><a href=\"https:\/\/loiaalesund.no\/wp-content\/uploads\/2015\/01\/tessbygget_google_street_view.png\"><img loading=\"lazy\" decoding=\"async\" class=\"size-large wp-image-808\" src=\"https:\/\/loiaalesund.no\/wp-content\/uploads\/2015\/01\/tessbygget_google_street_view-1024x421.png\" alt=\"Tessbygget-bilde\" width=\"640\" height=\"263\" srcset=\"https:\/\/loiaalesund.no\/wp-content\/uploads\/2015\/01\/tessbygget_google_street_view-1024x421.png 1024w, https:\/\/loiaalesund.no\/wp-content\/uploads\/2015\/01\/tessbygget_google_street_view-300x123.png 300w, https:\/\/loiaalesund.no\/wp-content\/uploads\/2015\/01\/tessbygget_google_street_view-768x315.png 768w, https:\/\/loiaalesund.no\/wp-content\/uploads\/2015\/01\/tessbygget_google_street_view.png 1517w\" sizes=\"auto, (max-width: 640px) 100vw, 640px\" \/><\/a><figcaption id=\"caption-attachment-808\" class=\"wp-caption-text\">Tessbygget sett fra \u00f8st<\/figcaption><\/figure>\n<p style=\"padding-left: 150px;\"><span style=\"font-family: arial,helvetica,sans-serif; font-size: 10pt;\">Epostadresser og telefonnr. finner du p\u00e5 <a title=\"Litt mere informasjon om LO i \u00c5lesund og Omegn\" href=\"http:\/\/loiaalesund.no\/?page_id=166\">infoside<\/a><br \/>\n<\/span><\/p>\n","protected":false},"excerpt":{"rendered":"<p>\u00a0i \u00c5lesund og Omegn. Velkommen til oss. Vi er i 3. etasje i TESS-bygget i Breivika sammen med: AOF Studieforbundet M\u00f8re og Romsdal, NNN avd. 66 Sunnm\u00f8re\u00a0 N\u00e6ringsmiddelforening M\u00f8re og Romsdal Transportarbeiderforening\u00a0\u00a0 Fellesforbundet avd. 31 Fagforbundet \u00c5lesund avd. 214 EL og IT Forbundet M\u00f8re og Romsdal Fellesorganisasjonen FO M\u00f8re og Romsdal \u00a0 Vi\u00a0er hovedorgansisasjonen for [&hellip;]<\/p>\n","protected":false},"author":1,"featured_media":0,"parent":0,"menu_order":0,"comment_status":"open","ping_status":"open","template":"","meta":{"footnotes":""},"class_list":["post-2","page","type-page","status-publish","hentry"],"_links":{"self":[{"href":"https:\/\/loiaalesund.no\/wp-json\/wp\/v2\/pages\/2","targetHints":{"allow":["GET"]}}],"collection":[{"href":"https:\/\/loiaalesund.no\/wp-json\/wp\/v2\/pages"}],"about":[{"href":"https:\/\/loiaalesund.no\/wp-json\/wp\/v2\/types\/page"}],"author":[{"embeddable":true,"href":"https:\/\/loiaalesund.no\/wp-json\/wp\/v2\/users\/1"}],"replies":[{"embeddable":true,"href":"https:\/\/loiaalesund.no\/wp-json\/wp\/v2\/comments?post=2"}],"version-history":[{"count":116,"href":"https:\/\/loiaalesund.no\/wp-json\/wp\/v2\/pages\/2\/revisions"}],"predecessor-version":[{"id":963,"href":"https:\/\/loiaalesund.no\/wp-json\/wp\/v2\/pages\/2\/revisions\/963"}],"wp:attachment":[{"href":"https:\/\/loiaalesund.no\/wp-json\/wp\/v2\/media?parent=2"}],"curies":[{"name":"wp","href":"https:\/\/api.w.org\/{rel}","templated":true}]}}