{"id":161,"date":"2015-01-28T09:40:55","date_gmt":"2015-01-28T09:40:55","guid":{"rendered":"http:\/\/loiaalesund.no\/?page_id=161"},"modified":"2018-08-09T14:40:06","modified_gmt":"2018-08-09T12:40:06","slug":"siste-nytt","status":"publish","type":"page","link":"https:\/\/loiaalesund.no\/sample-page\/siste-nytt\/","title":{"rendered":"Nyheter"},"content":{"rendered":"<p style=\"text-align: center;\"><span style=\"font-size: 18pt; font-family: arial, helvetica, sans-serif;\">LO-senteret i \u00c5lesund flytter.<\/span><\/p>\n<p style=\"text-align: center;\">Fra og med 1. desember er LO i \u00c5lesunds adresse:<br \/>\nLerstadveien 508, 6018 \u00c5lesund.<\/p>\n<p style=\"text-align: center;\">Vi er i 3. etasje i TESS-bygget i Breivika sammen med:<\/p>\n<p style=\"text-align: center;\">AOF, NNN, Norsk Transportarbeiderforbund, Fellesforbundets distriktskontor, Fellesforbundet avd. 31,\u00a0 Fagforbundet, EL og It og\u00a0\u00a0Fellesorganisasjonen FO.<\/p>\n<p style=\"text-align: center;\">Mer <a href=\"https:\/\/loiaalesund.no\/?page_id=166\">bilder og kart her<\/a>.<\/p>\n<hr \/>\n<p style=\"text-align: center;\">LO i \u00c5lesund og Omegn reviderer og forsterker sitt h\u00f8ringsinnlegg om lokalisering av hovedsetet for det nye M\u00f8re og Romsdal Politidistrikt.<br \/>\nSe<a href=\"https:\/\/loiaalesund.no\/?p=596\"> innlegget her<\/a><\/p>\n<p style=\"text-align: center;\">LOs uttalelse om lokalisering av offentlige tjenester er p\u00e5 trykk i de st\u00f8rste avisene i fylket .<\/p>\n<p style=\"text-align: center;\">Ivar \u00d8strem &#8211;\u00a0nestleder, \u00a0g\u00e5r ut med et sterkt innlegg i kampen for at statlige tjenester ikke forsvinner ut av fylket. Se innlegget<a href=\"https:\/\/loiaalesund.no\/?p=561\"> her<\/a>.<\/p>\n<hr \/>\n<p style=\"text-align: center;\">Sommerpatruljen 2015.<\/p>\n<p style=\"text-align: center;\">Vi arbeider med \u00e5 f\u00e5 til en stand i byen eller p\u00e5 Moa den 1. juli men trenger fortsatt frivillige.<\/p>\n<hr \/>\n<p style=\"text-align: center;\"><span style=\"font-size: 14pt;\">Sommerstengt.<br \/>\n<\/span>LO i \u00c5lesunds kontor holder stengt i ukene 26-32 men er tilgjengelig p\u00e5 epost og telefon . N\u00e5r leder er p\u00e5 ferie blir epost og telefon betjent av vara.<\/p>\n<p>&nbsp;<\/p>\n<hr \/>\n<p>&nbsp;<\/p>\n<p style=\"text-align: center;\"><span style=\"font-size: 14pt;\">Eldre saker<\/span><\/p>\n<h3 style=\"text-align: center;\"><span style=\"font-size: 14pt;\"><a title=\"\u00c5rsm\u00f8te 2015\" href=\"https:\/\/loiaalesund.no\/?p=359\">\u00c5rsm\u00f8te<\/a> LO i \u00c5lesund og Omegn 2015<\/span><\/h3>\n<p>M\u00f8tet blir som vanlig holdt p\u00e5 store m\u00f8terom p\u00e5 LO-senteret , Kanalvn. 18 &#8211; 2.etg. \u00a0 Tidspunktet er kl. 18.00<br \/>\nFrist for innsending av forslag er 1. april.<\/p>\n<hr \/>\n<p style=\"text-align: center;\"><span style=\"font-size: 14pt;\"><strong>\u00c5rsm\u00f8te p\u00e5 M\u00f8teplassen Stranda.<\/strong><\/span><\/p>\n<p style=\"text-align: center;\">M\u00f8tet avholdes i dag 17. mars kl. 18.00 p\u00e5 M\u00f8teplassens lokaler i Almenningen\/Sj\u00f8gata i gamle huset til Samvirkelaget, inngang p\u00e5 nedsiden mellom baker og bokhandel.<br \/>\nLokalet er i 2. etasje<\/p>\n<figure id=\"attachment_384\" aria-describedby=\"caption-attachment-384\" style=\"width: 660px\" class=\"wp-caption alignnone\"><a href=\"https:\/\/loiaalesund.no\/wp-content\/uploads\/2015\/01\/moteplassen.jpg\"><img loading=\"lazy\" decoding=\"async\" class=\"size-large wp-image-384\" src=\"https:\/\/loiaalesund.no\/wp-content\/uploads\/2015\/01\/moteplassen-1024x548.jpg\" alt=\"moteplassen bilde jpeg\" width=\"660\" height=\"353\" srcset=\"https:\/\/loiaalesund.no\/wp-content\/uploads\/2015\/01\/moteplassen-1024x548.jpg 1024w, https:\/\/loiaalesund.no\/wp-content\/uploads\/2015\/01\/moteplassen-300x161.jpg 300w, https:\/\/loiaalesund.no\/wp-content\/uploads\/2015\/01\/moteplassen.jpg 1269w\" sizes=\"auto, (max-width: 660px) 100vw, 660px\" \/><\/a><figcaption id=\"caption-attachment-384\" class=\"wp-caption-text\">M\u00f8teplassen Stranda er i 2. etasje, inngang i huken p\u00e5 midten. Der var det levering til Samvirkelaget f\u00f8r. <span style=\"font-size: 8pt;\">(Bildet er tatt fra Google Street View)<\/span><\/figcaption><\/figure>\n<p>&nbsp;<\/p>\n<p style=\"text-align: center;\"><strong><span style=\"font-size: 14pt;\">LO-leder Gerd Kristiansen p\u00e5 Sunnm\u00f8rsbes\u00f8k<\/span><\/strong><\/p>\n<figure id=\"attachment_383\" aria-describedby=\"caption-attachment-383\" style=\"width: 300px\" class=\"wp-caption aligncenter\"><a href=\"https:\/\/www.nrk.no\/mr\/lo-og-nho-vil-endre-permitteringsreglene-1.12258604\"><img loading=\"lazy\" decoding=\"async\" class=\"wp-image-383 size-medium\" src=\"https:\/\/loiaalesund.no\/wp-content\/uploads\/2015\/01\/fiskerstrand-300x168.jpg\" alt=\"Fiskerstrand Verft bilde\" width=\"300\" height=\"168\" srcset=\"https:\/\/loiaalesund.no\/wp-content\/uploads\/2015\/01\/fiskerstrand-300x168.jpg 300w, https:\/\/loiaalesund.no\/wp-content\/uploads\/2015\/01\/fiskerstrand.jpg 1000w\" sizes=\"auto, (max-width: 300px) 100vw, 300px\" \/><\/a><figcaption id=\"caption-attachment-383\" class=\"wp-caption-text\"><span style=\"font-size: 8pt;\">LO-lederen sammen med representanter for fagforeningen Terje Trulssen og bedriftens eier samt leder for LO i \u00c5lesund . <span style=\"font-family: 'terminal', 'monaco';\">(Bildet er tatt fra NRK MR)<\/span><\/span><\/figcaption><\/figure>\n<p style=\"text-align: left;\">Det ble diskutert permisjonsregler og h\u00f8stet erfaring fra verftsindustrien her og i Ulstein. LO leder i \u00c5lesund og Omegn, Svein Tore Hess var f\u00f8rst ikke informert men dette ble rettet p\u00e5 og han fikk seg en prat med Gerd ved et par anledninger.<\/p>\n<h3 style=\"text-align: center;\"><span style=\"font-size: 14pt;\">FYKO 2015 blir arrangert\u00a0i Geiranger den 27. februar &#8211; 1. mars<\/span><\/h3>\n<p>FYKO er LO i M\u00f8re og Romsdals konferanse for ungdom 18-35 \u00e5r.<br \/>\nLes mer om denne &#8220;happeningen&#8221; p\u00e5 <a href=\"https:\/\/www.lo.no\/LOs-distriktskontorer\/LO-More-og-Romsdal\/Artikler-om-LO-i-More-og-Romsdal\/FYKO---Arets-happening-for-LO-ungdom\/\">LO i M\u00f8re og Romsdals sider<\/a><\/p>\n<hr \/>\n<p style=\"text-align: center;\"><strong><span style=\"font-size: 14pt;\">\u00a0Streik mot ny arbeidsmilj\u00f8lov<\/span><\/strong><\/p>\n<p><a href=\"https:\/\/loiaalesund.no\/wp-content\/uploads\/2015\/01\/DMC-GX1_150128_streiken1.jpg\"><img loading=\"lazy\" decoding=\"async\" class=\"alignnone size-large wp-image-187\" src=\"https:\/\/loiaalesund.no\/wp-content\/uploads\/2015\/01\/DMC-GX1_150128_streiken1-1024x760.jpg\" alt=\"streikebilde1\" width=\"660\" height=\"490\" \/><\/a><\/p>\n<p>Onsdag 28. februar var\u00a0det politisk streik over hele landet mot det nye forslaget til endring av arbeidsmilj\u00f8loven som er fremsatt av den nye regjeringen.<br \/>\nStreiken varte i to timer fra 14-16 og var frivillig og lovlig.<br \/>\nDet ble et bra arrangement med flere gode taler p\u00e5 R\u00e5dhusplassen i \u00c5lesund.<br \/>\nOg uv\u00e6ret holdt seg akkurat unna i tide. \u00a0Kent Logan Jelle og Ingvild Egeland \u00a0gjorde en kjempeinnsats for \u00e5 lage til plakater og dele ut l\u00f8pesedler og Kent holdt en god tale. Bj\u00f8rnar Dale ledet m\u00f8tet i frav\u00e6r av LO-leder Svein Tore Hess som ble d\u00e5rlig dessverre. Oppm\u00f8tet var veldig bra, og fylte R\u00e5dhusplassen ganske godt.<\/p>\n<hr \/>\n<p style=\"text-align: center;\"><strong><span style=\"font-size: 14pt;\">Sammensl\u00e5ing med LO i Sykkylven?<\/span><\/strong><\/p>\n<p>LO i \u00c5lesund har forh\u00f8rt seg om det er noen interesse for sammensl\u00e5ing med LO i Sykkylven og avventer svar derfra.<\/p>\n<p>Leder er for tiden i en restitusjonsfase, men vi h\u00e5per han snart blir i full vig\u00f8r.<br \/>\nF\u00f8rste styrem\u00f8te\u00a0var den 3.dje februar. Neste blir den 3.mars kl. 17.00 . AU m\u00f8ter kl. 16.00<\/p>\n<p>Kontakt gjerne nestleder Bj\u00f8rnar Dahle i mellomtiden. Se<a title=\"Litt mere info om LO i \u00c5lesund og Omegn\" href=\"https:\/\/loiaalesund.no\/?p=1\"> infosiden <\/a>om epost og telefonnumre.<\/p>\n<p>Vi mistet epostadressen i fjor og har pr\u00f8vd \u00e5 f\u00e5 den gjenopprettet hos LO i Oslo, men har ikke greid \u00e5 f\u00e5 noe respons p\u00e5 dette. S\u00e5 vi har i stedet kj\u00f8pt dette domenet; \u00a0<a href=\"https:\/\/loiaalesund.no\">https:\/\/loiaalesund.no<\/a>\u00a0med tilh\u00f8rende epostadresser\u00a0.<br \/>\nSe mere om disse p\u00e5 <a title=\"Litt mere info om LO i \u00c5lesund og Omegn\" href=\"https:\/\/loiaalesund.no\/?p=1\">infosiden v\u00e5r.<\/a><\/p>\n<p>Vi mistet ogs\u00e5 en god leder , Mette Dale og en god sekret\u00e6r og ungdomsutvalgleder i fjor i Ole Kristoffer S\u00e6ther, men vi har nye like gode erstattere i Svein Tore Hess og en ny ungdomsleder\u00a0for\u00a02015\u00a0 i Ingvild Egeland.<br \/>\nCarina H. Hagen er n\u00e5\u00a0sekret\u00e6r.<br \/>\nKent Logan Jelle er ogs\u00e5 ivrig ungdomsarbeider for LO men han har hele fylket \u00e5 styre med ogs\u00e5. Han har kontakt med mange ivrige unge<br \/>\nUansett blir det\u00a0holdt LO-Forum arrangement i \u00e5r ogs\u00e5.<\/p>\n<p><small>Lars A Gr\u00f8nnings\u00e6ter<\/small><\/p>\n","protected":false},"excerpt":{"rendered":"<p>LO-senteret i \u00c5lesund flytter. Fra og med 1. desember er LO i \u00c5lesunds adresse: Lerstadveien 508, 6018 \u00c5lesund. Vi er i 3. etasje i TESS-bygget i Breivika sammen med: AOF, NNN, Norsk Transportarbeiderforbund, Fellesforbundets distriktskontor, Fellesforbundet avd. 31,\u00a0 Fagforbundet, EL og It og\u00a0\u00a0Fellesorganisasjonen FO. Mer bilder og kart her. LO i \u00c5lesund og Omegn reviderer [&hellip;]<\/p>\n","protected":false},"author":1,"featured_media":0,"parent":2,"menu_order":1,"comment_status":"open","ping_status":"open","template":"","meta":{"footnotes":""},"class_list":["post-161","page","type-page","status-publish","hentry"],"_links":{"self":[{"href":"https:\/\/loiaalesund.no\/wp-json\/wp\/v2\/pages\/161","targetHints":{"allow":["GET"]}}],"collection":[{"href":"https:\/\/loiaalesund.no\/wp-json\/wp\/v2\/pages"}],"about":[{"href":"https:\/\/loiaalesund.no\/wp-json\/wp\/v2\/types\/page"}],"author":[{"embeddable":true,"href":"https:\/\/loiaalesund.no\/wp-json\/wp\/v2\/users\/1"}],"replies":[{"embeddable":true,"href":"https:\/\/loiaalesund.no\/wp-json\/wp\/v2\/comments?post=161"}],"version-history":[{"count":37,"href":"https:\/\/loiaalesund.no\/wp-json\/wp\/v2\/pages\/161\/revisions"}],"predecessor-version":[{"id":959,"href":"https:\/\/loiaalesund.no\/wp-json\/wp\/v2\/pages\/161\/revisions\/959"}],"up":[{"embeddable":true,"href":"https:\/\/loiaalesund.no\/wp-json\/wp\/v2\/pages\/2"}],"wp:attachment":[{"href":"https:\/\/loiaalesund.no\/wp-json\/wp\/v2\/media?parent=161"}],"curies":[{"name":"wp","href":"https:\/\/api.w.org\/{rel}","templated":true}]}}