{"id":199,"date":"2015-01-29T11:13:10","date_gmt":"2015-01-29T11:13:10","guid":{"rendered":"http:\/\/loiaalesund.no\/?page_id=199"},"modified":"2018-08-10T18:29:13","modified_gmt":"2018-08-10T16:29:13","slug":"forbund-og-ansatte-ved-lo-senteret","status":"publish","type":"page","link":"https:\/\/loiaalesund.no\/sample-page\/forbund-og-ansatte-ved-lo-senteret\/","title":{"rendered":"<center>LO-senteret, oversikt over ansatte<\/center>"},"content":{"rendered":"<p style=\"text-align: center;\">\u00a0<span style=\"font-family: 'andale mono', times; font-size: 18pt;\">I tillegg til LO og AOF har disse forbund og organisasjoner kontor med fast bemanning p\u00e5 LO-senteret<br \/>\n<\/span><\/p>\n<hr \/>\n<p><a href=\"http:\/\/www.elogitmr.no\/\"><img loading=\"lazy\" decoding=\"async\" class=\"transparent\" src=\"https:\/\/elogit.no\/sites\/elogit\/files\/elogitlogo_ny.png\" alt=\"https:\/\/elogit.no\/sites\/elogit\/files\/elogitlogo_ny.png\" width=\"293\" height=\"92\" \/><\/a><\/p>\n<p>EL og IT Forbundet er et LO-forbund for ansatte innenfor IKT, energi og el-installasjon. Forbundet har over 38 000 medlemmer.<\/p>\n<p><b>Leder:<\/b>\u00a0Bj\u00f8rnar Dahle<br \/>\n<b>Mobil:<\/b> 913 36 770<br \/>\n<b>Epost:<\/b> bd@morenett.no<\/p>\n<p><strong>Distriktssekret\u00e6r:\u00a0\u00a0\u00a0\u00a0<\/strong>\u00a0Jonny Breivik<strong>\u00a0<\/strong><\/p>\n<p><b>Mobil:<\/b> 413 17 849<br \/>\n<b>Epost:<\/b> <a href=\"mailto:jonny.breivik@elogit.no\">jonny.breivik@elogit.no<br \/>\n<\/a><strong>Hjemmeside:<\/strong> <a href=\"http:\/\/www.elogitmr.no\/\" target=\"_blank\" rel=\"noopener noreferrer\">www.elogitmr.no<\/a><\/p>\n<hr \/>\n<p>&nbsp;<\/p>\n<p><a href=\"https:\/\/www.fellesforbundet.no\/avd031\"><img loading=\"lazy\" decoding=\"async\" class=\"alignleft wp-image-50 size-full\" src=\"https:\/\/loiaalesund.no\/wp-content\/uploads\/2015\/01\/fellesforbundet_logo.png\" alt=\"fellesforbundet_logo\" width=\"311\" height=\"67\" srcset=\"https:\/\/loiaalesund.no\/wp-content\/uploads\/2015\/01\/fellesforbundet_logo.png 311w, https:\/\/loiaalesund.no\/wp-content\/uploads\/2015\/01\/fellesforbundet_logo-300x65.png 300w\" sizes=\"auto, (max-width: 311px) 100vw, 311px\" \/><\/a><\/p>\n<p><strong>\u00a0<\/strong>Fellesforbundet ble stiftet 8. mai 1988. De sju forbundene som st\u00e5r bak forbundet er Norsk Jern- og Metallarbeiderforbund, Norsk Bygningsindustriarbeiderforbund, Norsk Papirindustriarbeiderforbund, Norsk Skog- og Landarbeiderforbund,\u00a0Bekledningsarbeiderforbundet,\u00a0Norsk Grafisk Forbund og\u00a0Hotell- og Restaurantarbeiderforbundet.<\/p>\n<p>Fellesforbundet har\u00a0 3 medarbeidere p\u00e5 Senteret:<br \/>\n<strong>1.\u00a0\u00a0<\/strong>\u00a0<b>Fellesforbundet Sunnm\u00f8re\u00a0<\/b><br \/>\nLerstadveien 508<br \/>\n6018 \u00c5lesund<br \/>\n\u00c5pningstid: kvar dag fra 07.00-08.00 til 15.00-1530.<br \/>\ntlf.: 915 87 955<br \/>\ne-post: <a href=\"mailto:sunnmore@fellesforbundet.org\">sunnmore@fellesforbundet.org\u00a0<\/a><br \/>\n<strong>Ansatte<\/strong>:<br \/>\n<strong>Leder:<\/strong> Terje Trulssen<br \/>\n<a href=\"mailto:terje.trulssen@fellesforbundet.org\">terje.trulssen@fellesforbundet.org<\/a><br \/>\n<strong>2. Avdelingssekret\u00e6r:<\/strong> Kristoffer Domaas<b><br \/>\n<\/b><a href=\"mailto:kristoffer.domaas@fellesforbundet.org\">kristoffer.domaas@fellesforbundet.org<\/a><br \/>\nTlf.: 91587955<br \/>\n<b>3. Ragnhild Aasen <\/b><br \/>\n<a href=\"mailto:ragnhild.aasen@fellesforbundet.org\">ragnhild.aasen@fellesforbundet.org<\/a><br \/>\nTlf.: 902 67 505<\/p>\n<hr \/>\n<p><a href=\"http:\/\/avd214.fagforbundet.no\/\"><img loading=\"lazy\" decoding=\"async\" class=\"alignleft wp-image-53 size-full\" src=\"https:\/\/loiaalesund.no\/wp-content\/uploads\/2015\/01\/ff_logo1.png\" alt=\"ff_logo\" width=\"380\" height=\"72\" srcset=\"https:\/\/loiaalesund.no\/wp-content\/uploads\/2015\/01\/ff_logo1.png 380w, https:\/\/loiaalesund.no\/wp-content\/uploads\/2015\/01\/ff_logo1-300x57.png 300w\" sizes=\"auto, (max-width: 380px) 100vw, 380px\" \/><\/a><\/p>\n<p>Fagforbundet er LOs st\u00f8rste forbund, med over 340\u202f000 medlemmer.<br \/>\nForbundet ble etablert den 17. juni 2003, etter en sammensl\u00e5ing av Norsk Kommuneforbund (stiftet 1920) og Norsk helse- og sosialforbund (stiftet 1965).<\/p>\n<p><strong>Leder:\u00a0\u00a0<\/strong>Ann-Mari Skarb\u00f8<br \/>\n<a href=\"mailto:fagforbundet.haram.sandoy@gmail.com\">fagforbundet.haram.sandoy@gmail.com<\/a><br \/>\n<strong>Mobil:<\/strong> <a title=\"Ring\" href=\"tel:41608109\">984 33 159<br \/>\n<\/a><strong>Epost:<\/strong> <a title=\"Send epost\" href=\"mailto:fagforbundetaalesund@outlook.com\">fagforbundetaalesund@outlook.com<\/a><br \/>\nHjemmeside: <a href=\"http:\/\/avd214.fagforbundet.no\">http:\/\/avd214.fagforbundet.no<\/a>\/<\/p>\n<hr \/>\n<p><a href=\"https:\/\/www.fo.no\/moreogromsdal\/\"><img loading=\"lazy\" decoding=\"async\" class=\"alignleft wp-image-56 size-full\" src=\"https:\/\/loiaalesund.no\/wp-content\/uploads\/2015\/01\/fo-logo.png\" alt=\"fo-logo\" width=\"135\" height=\"75\" \/><\/a><\/p>\n<h2 class=\"digest\">Fellesorganisasjonen (FO) er fag- og profesjonsforbund for over 28.000 barnevernspedagoger, sosionomer, vernepleiere, velferdsvitere og studenter.<br \/>\nKontakter er:<\/h2>\n<p><strong>Fylkessekret\u00e6r<\/strong>: Torill Brunsvik<br \/>\n99299927 | <a href=\"mailto:avd@fo-moreogromsdal.no\">avd@fo-moreogromsdal.no<br \/>\n<\/a><strong>Fylkesleiar<\/strong>: Jarle Rovde<br \/>\n92 23 65 91 | <a href=\"mailto:leiar@fo-moreogromsdal.no\">leiar@fo-moreogromsdal.no<\/a><\/p>\n<p>Mer info p\u00e5 deres hjemmesider: <a href=\"https:\/\/www.fo.no\/om-fo\/category113.html\">Om FO<\/a><\/p>\n<hr \/>\n<p>&nbsp;<\/p>\n<p><a href=\"https:\/\/transportarbeider.no\/no\"><img loading=\"lazy\" decoding=\"async\" class=\"alignleft wp-image-59 size-full\" src=\"http:\/\/loiaalesund.no\/wp-content\/uploads\/2015\/01\/ntaf_logo1.png\" alt=\"ntaf_logo png bilde\" width=\"180\" height=\"180\" srcset=\"https:\/\/loiaalesund.no\/wp-content\/uploads\/2015\/01\/ntaf_logo1.png 180w, https:\/\/loiaalesund.no\/wp-content\/uploads\/2015\/01\/ntaf_logo1-150x150.png 150w\" sizes=\"auto, (max-width: 180px) 100vw, 180px\" \/><\/a>M\u00f8re og Romsdal Tranportarbeiderforening har kontor p\u00e5 LO-Senteret.<\/p>\n<p>Tlf. 400 06 261<br \/>\nE-post: <a href=\"mailto:more.romsdal@transportarbeider.no\">more.romsdal@transportarbeider.no<\/a><\/p>\n<p><strong>Leder<\/strong>\u00a0<strong>er<\/strong>:\u00a0 Jack Narve S\u00e6ther<br \/>\nTlf.\u00a0 930 45 541<br \/>\n<a href=\"mailto:jack.saether@transportarbeider.no\">jack.saether@transportarbeider.no<\/a><\/p>\n<p>&nbsp;<\/p>\n<hr \/>\n<p><a href=\"https:\/\/nnn.no\/\"><img loading=\"lazy\" decoding=\"async\" class=\"alignnone size-full wp-image-63\" src=\"https:\/\/loiaalesund.no\/wp-content\/uploads\/2015\/01\/Topplogo-NY2.png\" alt=\"nnn-logo\" width=\"491\" height=\"60\" srcset=\"https:\/\/loiaalesund.no\/wp-content\/uploads\/2015\/01\/Topplogo-NY2.png 491w, https:\/\/loiaalesund.no\/wp-content\/uploads\/2015\/01\/Topplogo-NY2-300x37.png 300w\" sizes=\"auto, (max-width: 491px) 100vw, 491px\" \/><\/a><br \/>\nNNN avd. 66 Sunnm\u00f8re N\u00e6ringsmiddelforening deler kontor med LO i \u00c5lesund og Omegn p\u00e5\u00a0adressen under.<\/p>\n<p><strong>Lede<\/strong><strong>r:<\/strong>\u00a0Svein Tore Hess<br \/>\n<a href=\"mailto:nnnavd66@outlook.com\">nnnavd66@outlook.com<\/a><br \/>\nmobil\u00a0918 13 062<\/p>\n<p><strong>Mette Dale<br \/>\n<\/strong> epost <a href=\"mailto:mette.dale@nnn.no\">mette.dale@nnn<\/a><a href=\"mailto:mette.dale@nnn.no\">.no <\/a>og mobil 900 36 591<\/p>\n<p>NNN har nylig sl\u00e5tt seg samme med NNN S\u00f8re Sunnm\u00f8re.<br \/>\nDet er ogs\u00e5 et kontor p\u00e5 TINE Meieri Vest i \u00c5lesund .<br \/>\nForeningen heter etter sammensl\u00e5ingen med NNN S\u00f8re:<\/p>\n<p><strong>NNN-avdeling 66, Sunnm\u00f8re N\u00e6ringsmiddelarbeiderforening<\/strong><br \/>\nLerstadveien 508<br \/>\n6018 \u00c5lesund<br \/>\nMobil:\u00a0\u00a0474 67 948<\/p>\n<hr \/>\n<p><a href=\"http:\/\/www.aof.no\/moreogromsdal\/\"><img loading=\"lazy\" decoding=\"async\" class=\"alignleft wp-image-87 size-medium\" src=\"https:\/\/loiaalesund.no\/wp-content\/uploads\/2015\/01\/aof-300x163.gif\" alt=\"AOF-logo\" width=\"300\" height=\"163\" \/><\/a><\/p>\n<p><strong>Arbeidernes Opplysningsforbund<\/strong>(Studieforbundet AOF) ble etablert 12. desember 1931 og er et studieforbund som bygger p\u00e5 kollektivt medlemskap av organisasjoner med individuelle medlemmer. Forbundet er sammensatt av faglige, politiske, sosiale og kulturelle organisasjoner innen norsk arbeiderbevegelse og samfunnsliv. (Wikipedia).<\/p>\n<p>AOF M\u00f8re og Romsdal har to ansatte mot f\u00f8r tre.<br \/>\n<strong>Frode Ingebrigtsen<\/strong><br \/>\nmobilnr. 91137 638\u00a0 &#8211; \u00a0epost: <a href=\"mailto:frode.ingebrigtsen@aof.no\">frode.ingebrigtsen@aof.no<\/a><br \/>\nS\u00f8lvi I. Lid,<br \/>\nmobilnr. 928\u00a031 560\u00a0 &#8211; \u00a0epost:\u00a0 <a href=\"mailto:solvi.lid@aof.no\">\u00a0solvi.lid@aof.no<\/a><\/p>\n","protected":false},"excerpt":{"rendered":"<p>\u00a0I tillegg til LO og AOF har disse forbund og organisasjoner kontor med fast bemanning p\u00e5 LO-senteret EL og IT Forbundet er et LO-forbund for ansatte innenfor IKT, energi og el-installasjon. Forbundet har over 38 000 medlemmer. Leder:\u00a0Bj\u00f8rnar Dahle Mobil: 913 36 770 Epost: bd@morenett.no Distriktssekret\u00e6r:\u00a0\u00a0\u00a0\u00a0\u00a0Jonny Breivik\u00a0 Mobil: 413 17 849 Epost: jonny.breivik@elogit.no Hjemmeside: www.elogitmr.no [&hellip;]<\/p>\n","protected":false},"author":1,"featured_media":0,"parent":2,"menu_order":5,"comment_status":"closed","ping_status":"open","template":"","meta":{"footnotes":""},"class_list":["post-199","page","type-page","status-publish","hentry"],"_links":{"self":[{"href":"https:\/\/loiaalesund.no\/wp-json\/wp\/v2\/pages\/199","targetHints":{"allow":["GET"]}}],"collection":[{"href":"https:\/\/loiaalesund.no\/wp-json\/wp\/v2\/pages"}],"about":[{"href":"https:\/\/loiaalesund.no\/wp-json\/wp\/v2\/types\/page"}],"author":[{"embeddable":true,"href":"https:\/\/loiaalesund.no\/wp-json\/wp\/v2\/users\/1"}],"replies":[{"embeddable":true,"href":"https:\/\/loiaalesund.no\/wp-json\/wp\/v2\/comments?post=199"}],"version-history":[{"count":58,"href":"https:\/\/loiaalesund.no\/wp-json\/wp\/v2\/pages\/199\/revisions"}],"predecessor-version":[{"id":270,"href":"https:\/\/loiaalesund.no\/wp-json\/wp\/v2\/pages\/199\/revisions\/270"}],"up":[{"embeddable":true,"href":"https:\/\/loiaalesund.no\/wp-json\/wp\/v2\/pages\/2"}],"wp:attachment":[{"href":"https:\/\/loiaalesund.no\/wp-json\/wp\/v2\/media?parent=199"}],"curies":[{"name":"wp","href":"https:\/\/api.w.org\/{rel}","templated":true}]}}